{"id":2,"date":"2016-05-10T03:48:21","date_gmt":"2016-05-10T03:48:21","guid":{"rendered":"https:\/\/Hader-netzbau.de\/?page_id=2"},"modified":"2024-01-09T15:56:53","modified_gmt":"2024-01-09T15:56:53","slug":"sample-page","status":"publish","type":"page","link":"https:\/\/Hader-netzbau.de\/","title":{"rendered":"Startseite"},"content":{"rendered":"\n<p>Die Firma Hader-Netzbau ist ein Inhaber gef\u00fchrtes Familienunternehmen welches sich auf den Ausbau sowie Instandhaltung von Energie und Telekommunikationsinfrastruktur.<\/p>\n\n\n\n<p><\/p>\n\n\n\n<p>Zu unseren Auftraggebern geh\u00f6ren verschiedene Netzbetreiber welchen Wir im Bereich Netzbau alle Leistungen aus einer Hand anbieten<\/p>\n\n\n\n<div class=\"wp-block-columns is-layout-flex wp-container-core-columns-layout-1 wp-block-columns-is-layout-flex\">\n<div class=\"wp-block-column is-layout-flow wp-block-column-is-layout-flow\">\n<figure class=\"wp-block-image size-full\"><img loading=\"lazy\" decoding=\"async\" width=\"480\" height=\"640\" src=\"https:\/\/Hader-netzbau.de\/wp-content\/uploads\/2024\/01\/PHOTO-2023-10-13-14-22-19.jpg\" alt=\"\" class=\"wp-image-56\" srcset=\"https:\/\/Hader-netzbau.de\/wp-content\/uploads\/2024\/01\/PHOTO-2023-10-13-14-22-19.jpg 480w, https:\/\/Hader-netzbau.de\/wp-content\/uploads\/2024\/01\/PHOTO-2023-10-13-14-22-19-225x300.jpg 225w\" sizes=\"(max-width: 480px) 100vw, 480px\" \/><\/figure>\n\n\n\n<p style=\"font-size:14px\">Alle von uns gebauten Netze werden durch unsere eigene Montage in Betrieb genommen<\/p>\n\n\n\n<ul>\n<li>Splei\u00df und Messarbeiten im Glasfasernetz<\/li>\n\n\n\n<li>Einblasarbeiten im Glasfasernetz<\/li>\n\n\n\n<li>Montage und Messarbeiten im Kupfer und Koaxialnetz<\/li>\n\n\n\n<li>Fehlerortung im Glasfaser und Kupfernetz<\/li>\n\n\n\n<li>Montage von Niederspannungs- und Mittelspannungskabeln und Anlagen<\/li>\n<\/ul>\n<\/div>\n\n\n\n<div class=\"wp-block-column is-layout-flow wp-block-column-is-layout-flow\">\n<p style=\"font-size:14px\">Um den Ausbau m\u00f6glichst z\u00fcgig durchf\u00fchren zu k\u00f6nnen, stehen in unserem Fuhrpark alle Notwendigen Maschinen zur Verf\u00fcgung:<\/p>\n\n\n\n<ul>\n<li>Asphaltfr\u00e4se<\/li>\n\n\n\n<li>3-Achs LKW<\/li>\n\n\n\n<li>4-Achs LKW<\/li>\n\n\n\n<li>Radlader verschiedener Gr\u00f6\u00dfen<\/li>\n\n\n\n<li>Minibagger<\/li>\n\n\n\n<li>Mobilbagger<\/li>\n\n\n\n<li>Gehwegfertiger<\/li>\n\n\n\n<li>etc..<\/li>\n<\/ul>\n\n\n\n<figure class=\"wp-block-image size-large\"><img loading=\"lazy\" decoding=\"async\" width=\"768\" height=\"1024\" src=\"https:\/\/Hader-netzbau.de\/wp-content\/uploads\/2024\/01\/IMG_9840-1-768x1024.jpeg\" alt=\"\" class=\"wp-image-37\" srcset=\"https:\/\/Hader-netzbau.de\/wp-content\/uploads\/2024\/01\/IMG_9840-1-768x1024.jpeg 768w, https:\/\/Hader-netzbau.de\/wp-content\/uploads\/2024\/01\/IMG_9840-1-225x300.jpeg 225w, https:\/\/Hader-netzbau.de\/wp-content\/uploads\/2024\/01\/IMG_9840-1-1152x1536.jpeg 1152w, https:\/\/Hader-netzbau.de\/wp-content\/uploads\/2024\/01\/IMG_9840-1-1024x1365.jpeg 1024w, https:\/\/Hader-netzbau.de\/wp-content\/uploads\/2024\/01\/IMG_9840-1-810x1080.jpeg 810w, https:\/\/Hader-netzbau.de\/wp-content\/uploads\/2024\/01\/IMG_9840-1.jpeg 1536w\" sizes=\"(max-width: 768px) 100vw, 768px\" \/><\/figure>\n<\/div>\n<\/div>\n\n\n\n<h2 class=\"wp-block-heading has-text-align-center\">Wir stellen ein<\/h2>\n\n\n\n<ul>\n<li><\/li>\n<\/ul>\n\n\n\n<div class=\"wp-block-columns is-layout-flex wp-container-core-columns-layout-2 wp-block-columns-is-layout-flex\">\n<div class=\"wp-block-column is-layout-flow wp-block-column-is-layout-flow\">\n<ul>\n<li>Tiefbau\n<ul>\n<li>LKW Fahrer (Klasse CE erforderlich)<\/li>\n\n\n\n<li>Baumaschinenf\u00fchrer<\/li>\n\n\n\n<li>Asphaltierer<\/li>\n\n\n\n<li>Fertiger Fahrer<\/li>\n\n\n\n<li>Pflasterer<\/li>\n\n\n\n<li>Bauhelfer<\/li>\n\n\n\n<li>Tiefbaufacharbeiter<\/li>\n<\/ul>\n<\/li>\n<\/ul>\n<\/div>\n\n\n\n<div class=\"wp-block-column is-layout-flow wp-block-column-is-layout-flow\">\n<ul>\n<li>Montage\n<ul>\n<li>Glasfasermonteur<\/li>\n\n\n\n<li>Elektromonteur<\/li>\n\n\n\n<li>Messtechniker<\/li>\n<\/ul>\n<\/li>\n<\/ul>\n<\/div>\n<\/div>\n\n\n\n<p>Lassen Sie uns Ihre Unterlagen gerne per e-mail an info@hader-netzbau.de zukommen. Quereinsteiger sind herzlich Willkommen<\/p>\n","protected":false},"excerpt":{"rendered":"<p>Die Firma Hader-Netzbau ist ein Inhaber gef\u00fchrtes Familienunternehmen welches sich auf den Ausbau sowie Instandhaltung von Energie und Telekommunikationsinfrastruktur. Zu unseren Auftraggebern geh\u00f6ren verschiedene Netzbetreiber welchen Wir im Bereich Netzbau alle Leistungen aus einer Hand anbieten Alle von uns gebauten Netze werden durch unsere eigene Montage in Betrieb genommen Um den Ausbau m\u00f6glichst z\u00fcgig durchf\u00fchren&hellip; <br \/> <a class=\"button small blue\" href=\"https:\/\/Hader-netzbau.de\/\">Weiterlesen<\/a><\/p>\n","protected":false},"author":1,"featured_media":0,"parent":0,"menu_order":0,"comment_status":"closed","ping_status":"open","template":"","meta":{"footnotes":""},"_links":{"self":[{"href":"https:\/\/Hader-netzbau.de\/index.php?rest_route=\/wp\/v2\/pages\/2"}],"collection":[{"href":"https:\/\/Hader-netzbau.de\/index.php?rest_route=\/wp\/v2\/pages"}],"about":[{"href":"https:\/\/Hader-netzbau.de\/index.php?rest_route=\/wp\/v2\/types\/page"}],"author":[{"embeddable":true,"href":"https:\/\/Hader-netzbau.de\/index.php?rest_route=\/wp\/v2\/users\/1"}],"replies":[{"embeddable":true,"href":"https:\/\/Hader-netzbau.de\/index.php?rest_route=%2Fwp%2Fv2%2Fcomments&post=2"}],"version-history":[{"count":3,"href":"https:\/\/Hader-netzbau.de\/index.php?rest_route=\/wp\/v2\/pages\/2\/revisions"}],"predecessor-version":[{"id":61,"href":"https:\/\/Hader-netzbau.de\/index.php?rest_route=\/wp\/v2\/pages\/2\/revisions\/61"}],"wp:attachment":[{"href":"https:\/\/Hader-netzbau.de\/index.php?rest_route=%2Fwp%2Fv2%2Fmedia&parent=2"}],"curies":[{"name":"wp","href":"https:\/\/api.w.org\/{rel}","templated":true}]}}